{"id":912,"date":"2024-03-13T13:43:15","date_gmt":"2024-03-13T13:43:15","guid":{"rendered":"https:\/\/victoriaocasion.com\/de\/?page_id=912"},"modified":"2024-03-13T13:43:15","modified_gmt":"2024-03-13T13:43:15","slug":"politica-de-privacidad","status":"publish","type":"page","link":"https:\/\/victoriaocasion.com\/de\/politica-de-privacidad\/","title":{"rendered":"Pol\u00edtica de privacidad"},"content":{"rendered":"<p>Bienvenido al Sitio Web de\u00a0<strong>Victoriacars<\/strong>.<\/p>\n<p><strong>Victoria Car Hire S.L.<\/strong>est\u00e1 comprometido con la protecci\u00f3n de los datos de car\u00e1cter personal de todos los usuarios que visitan su Sitio Web. Esta pol\u00edtica de privacidad le informa, entre otros aspectos, de los datos personales que se recogen (en el caso de que decida voluntariamente suministrar dichos datos mediante la cumplimentaci\u00f3n de formularios online o el env\u00edo de correos electr\u00f3nicos) as\u00ed como de la finalidad de la recogida de dichos datos personales, de los destinatarios de sus datos, de la posibilidad de ejercitar sus derechos de acceso, modificaci\u00f3n, cancelaci\u00f3n y\/u oposici\u00f3n y de la identidad y direcci\u00f3n del responsable del tratamiento.<\/p>\n<p>Mediante el uso de este Sitio Web usted manifiesta haber le\u00eddo, conocer y aceptar de modo expreso los t\u00e9rminos y condiciones de esta pol\u00edtica de privacidad. Si no est\u00e1 de acuerdo con esta pol\u00edtica de privacidad\u00a0<strong>Victoria Car Hire S.L.\u00a0<\/strong>le ruega que no use o acceda a este Sitio Web.<\/p>\n<ol>\n<li><a href=\"https:\/\/victoriaocasion.com\/de\/politica-de-privacidad\/#uno\">Garant\u00eda<\/a><\/li>\n<li><a href=\"https:\/\/victoriaocasion.com\/de\/politica-de-privacidad\/#dos\">Informaci\u00f3n previa<\/a><\/li>\n<li><a href=\"https:\/\/victoriaocasion.com\/de\/politica-de-privacidad\/#tres\">Consentimiento<\/a><\/li>\n<li><a href=\"https:\/\/victoriaocasion.com\/de\/politica-de-privacidad\/#cuatro\">Derechos<\/a><\/li>\n<li><a href=\"https:\/\/victoriaocasion.com\/de\/politica-de-privacidad\/#cinco\">Navegaci\u00f3n<\/a><\/li>\n<li><a href=\"https:\/\/victoriaocasion.com\/de\/politica-de-privacidad\/#seis\">Pol\u00edtica anti-spam<\/a><\/li>\n<li><a href=\"https:\/\/victoriaocasion.com\/de\/politica-de-privacidad\/#siete\">Transmisi\u00f3n de datos<\/a><\/li>\n<li><a href=\"https:\/\/victoriaocasion.com\/de\/politica-de-privacidad\/#ocho\">Direcciones IP (Internet Protocol)<\/a><\/li>\n<li><a href=\"https:\/\/victoriaocasion.com\/de\/politica-de-privacidad\/#nueve\">Cookies<\/a><\/li>\n<li><a href=\"https:\/\/victoriaocasion.com\/de\/politica-de-privacidad\/#diez\">Enlaces a otros sitios<\/a><\/li>\n<li><a href=\"https:\/\/victoriaocasion.com\/de\/politica-de-privacidad\/#once\">Cambios en la Pol\u00edtica de Privacidad<\/a><\/li>\n<li><a href=\"https:\/\/victoriaocasion.com\/de\/politica-de-privacidad\/#doce\">Contacte con nosotros<\/a><\/li>\n<\/ol>\n<p><strong><a id=\"uno\" name=\"uno\"><\/a><em>Garant\u00eda:<\/em><\/strong>\u00a0De conformidad con lo establecido en el art\u00edculo 5 de la Ley Org\u00e1nica 15\/1999, de 13 diciembre de Protecci\u00f3n de Datos de Car\u00e1cter Personal (LOPD) y el Real Decreto 994\/1999, de 11 de junio de Medidas de Seguridad de Ficheros Automatizados que contengan Datos de Car\u00e1cter Personal,\u00a0<strong>Victoria Car Hire S.L.\u00a0<\/strong>le informa que los datos que usted proporciona se recogen en ficheros propiedad Victoria Car Hire S.L.que podr\u00e1n ser usados en la gesti\u00f3n interna de todas las empresas propiedad de\u00a0<em>victoria parking.<\/em><\/p>\n<p><strong><a id=\"dos\" name=\"dos\"><\/a><em>Informaci\u00f3n: previa<\/em><\/strong>\u00a0<strong>Victoria Car Hire S.L.\u00a0<\/strong>le informa que la cumplimentaci\u00f3n de cualquier dato marcado con un asterisco (*) dentro del Sitio Web es obligatoria por lo que, en caso de no cumplimentar dichos datos,\u00a0<strong>Victoria Car Hire S.L.\u00a0<\/strong>no podr\u00e1 prestarle los servicios de informaci\u00f3n y de acceso a la misma que solicite.<\/p>\n<p><strong><a id=\"tres\" name=\"tres\"><\/a><em>Consentimiento:<\/em><\/strong>\u00a0<strong>Victoria Car Hire S.L.\u00a0<\/strong>le pide su consentimiento para que sus datos puedan ser usados temporalmente por otras entidades colaboradoras en las actividades comerciales o financieras de victoria parking.<em>.<\/em>\u00a0<strong>Victoria Car Hire S.L.\u00a0<\/strong>se compromete a tratar de forma confidencial sus datos, para uso exclusivo en las finalidades indicadas, garantizando la seguridad de sus datos para evitar su alteraci\u00f3n, p\u00e9rdida y tratamiento o acceso no autorizado.<\/p>\n<p><strong><a id=\"cuatro\" name=\"cuatro\"><\/a><em>Derechos<\/em><\/strong>: Usted puede ejercer su derecho de acceso, modificaci\u00f3n, cancelaci\u00f3n y oposici\u00f3n al tratamiento de sus datos, solicitando tal deseo:<\/p>\n<ul>\n<li>Correo ordinario a la oficina de\u00a0<strong>Victoria Car Hire<\/strong><\/li>\n<\/ul>\n<p>Pol\u00edtica de Protecci\u00f3n de Datos \u2013\u00a0<strong>Victoria Car Hire S.L.<\/strong><br \/>\nCtra. Aeropuerto del Altet, partida Lo Morant, Pol\u00edgono 2, n\u00b0 136<br \/>\n03195 Elche (Alicante) Espa\u00f1a<\/p>\n<ul>\n<li>Correo electr\u00f3nico (indicando en el ASUNTO: -LOPD Parking-):<\/li>\n<\/ul>\n<p><a href=\"mailto:lopd@victoriacars.com\">lopd@victoriacars.com<\/a><\/p>\n<p>El ejercicio de dichos derechos deber\u00e1 llevarse a cabo mediante solicitud dirigida a\u00a0<em>victoriacars.<\/em>, como responsable del fichero, de cualquiera de las formas arriba indicadas. Dichas solicitudes deber\u00e1n contener:<\/p>\n<ul>\n<li>Nombre y apellidos del interesado<\/li>\n<li>N\u00famero de tel\u00e9fono de contacto del interesado<\/li>\n<li>Petici\u00f3n en que se concreta la solicitud<\/li>\n<li>Domicilio a efectos de notificaciones<\/li>\n<li>Documentos acreditativos de la petici\u00f3n que formula, en su caso.<\/li>\n<\/ul>\n<p>Nota: en caso de ser correo ordinario, tambi\u00e9n se requerir\u00e1n:<\/p>\n<ul>\n<li>Fotocopia del D.N.I. del interesado<\/li>\n<li>Fecha y firma del solicitante<\/li>\n<\/ul>\n<p>En este sentido, el interesado deber\u00e1 utilizar cualquier medio que permita acreditar el env\u00edo y la recepci\u00f3n de la solicitud. La informaci\u00f3n indicada en esta secci\u00f3n, ser\u00e1 devuelta a su titular una vez comprobados y resueltos los extremos indicados en la solicitud correspondiente.<\/p>\n<p><strong><a id=\"cinco\" name=\"cinco\"><\/a><em>Navegaci\u00f3n:<\/em><\/strong>\u00a0El presente Sitio Web no est\u00e1 configurado para recoger informaci\u00f3n personal de ninguna naturaleza por medio del ordenador empleado mientras se navegue por el Sitio Web. Esto implica que, a menos que usted proporcione informaci\u00f3n personal de manera voluntaria y expl\u00edcita,\u00a0<strong>Victoria Car Hire S.L.<\/strong>nunca sabr\u00e1 su nombre, direcci\u00f3n de correo electr\u00f3nico o cualquier otra informaci\u00f3n que le pueda identificar.<\/p>\n<p><strong><a id=\"seis\" name=\"seis\"><\/a><em>Pol\u00edtica anti-spam:\u00a0<\/em><\/strong><strong>Victoria Car Hire S.L.<\/strong>est\u00e1 en contra del env\u00edo de comunicaciones no solicitadas, as\u00ed como de cualquier tipo de comportamiento \u201cspamming\u201d.\u00a0<strong>Victoria Car Hire S.L.<\/strong>no apoya, suscribe, promueve ni realiza este tipo de pr\u00e1cticas que considera contrarias a sus finalidades comerciales. A efectos de evitar este tipo de pr\u00e1cticas, le rogamos que no utilice datos personales (incluyendo direcciones de correo electr\u00f3nico) de otras personas sin haberlas informado previamente y sin haber obtenido su consentimiento previo.<\/p>\n<p>En el caso de que recibiera informaci\u00f3n sobre nuestros productos o servicios sin haberlo solicitado, o sin haber dado su consentimiento, puede comunicarnos esta situaci\u00f3n tal y como aparece en la secci\u00f3n\u00a0<strong>Derechos<\/strong>, solicitando la cancelaci\u00f3n de sus datos personales.<\/p>\n<p><strong><a id=\"siete\" name=\"siete\"><\/a><em>Transmisi\u00f3n de datos:<\/em><\/strong>\u00a0<strong>Victoria Car Hire S.L.<\/strong>le informa que el env\u00edo de sus datos personales a trav\u00e9s de Internet no se realiza siguiendo un protocolo de seguridad cifrado, con lo que\u00a0<strong>Victoria Car Hire S.L.<\/strong>no le garantiza la confidencialidad y seguridad de sus datos durante el env\u00edo.<\/p>\n<p>En este sentido, usted asume el riesgo de la transmisi\u00f3n y se hace plenamente responsable de los da\u00f1os y perjuicios que se puedan producir en caso de interceptaci\u00f3n o captaci\u00f3n por parte de terceros de los datos que env\u00ede a trav\u00e9s de Internet durante dicha transmisi\u00f3n.<\/p>\n<p>Naturalmente, en el momento en que sus datos son recibidos y almacenados en los sistemas de\u00a0<strong>Victoria Car Hire S.L.<\/strong>, estar\u00e1n protegidos por las medidas de seguridad que establece la legislaci\u00f3n aplicable en cada momento.<\/p>\n<p><strong><a id=\"ocho\" name=\"ocho\"><\/a><em>Direcciones IP (Internet Protocol):\u00a0<\/em><\/strong>Una direcci\u00f3n IP es un n\u00famero asignado autom\u00e1ticamente a su ordenador cada vez que este accede a la red Internet. Cuando un visitante solicita una p\u00e1gina en este Sitio Web, los servidores de\u00a0<strong>Victoria Car Hire S.L.<\/strong>almacenan la direcci\u00f3n IP del solicitante en un fichero automatizado.\u00a0<strong>Victoria Car Hire S.L.<\/strong>emplea las direcciones IP de los visitantes para la ayuda en el diagn\u00f3stico de problemas, sin establecer vinculaci\u00f3n alguna entre las direcciones IP y los visitantes.<\/p>\n<p><strong><a id=\"nueve\" name=\"nueve\"><\/a><em>Cookies:<\/em><\/strong>\u00a0<strong>Victoria Car Hire S.L.<\/strong>no inserta cookies en el disco duro de su ordenador con la finalidad de establecer una asociaci\u00f3n entre su ordenador y el Sitio Web de\u00a0<strong>Victoria Car Hire S.L.<\/strong>para poder conocer sus conductas en Internet, ni con ninguna otra finalidad. En todo caso, le recomendamos que revise las opciones de privacidad que ofrece su navegador con relaci\u00f3n a la aceptaci\u00f3n de cookies, o que consulte con un experto en esta materia, ya que mediante la adopci\u00f3n de las medidas pertinentes podr\u00eda ser advertido por su navegador de los Sitios Web a trav\u00e9s de los cuales se insertan cookies y decidir en todo momento si desea aceptar o no la instalaci\u00f3n de dichas cookies.<\/p>\n<p><strong><a id=\"diez\" name=\"diez\"><\/a><em>Enlaces a otros sitios:<\/em><\/strong>\u00a0Si opta a abandonar el Sitio Web de\u00a0<strong>Victoria Car Hire S.L.<\/strong>a trav\u00e9s de enlaces a Sitios Web no pertenecientes a\u00a0<em>victoria parking.<\/em>,\u00a0<strong>Victoria Car Hire S.L.<\/strong>no se har\u00e1 responsable de las pol\u00edticas de privacidad de dichos Sitios Web, ni de las cookies que estos puedan almacenar en su ordenador.<\/p>\n<p><strong><a id=\"once\" name=\"once\"><\/a><em>Cambios en la Pol\u00edtica de Privacidad<\/em><\/strong>:\u00a0<strong>Victoria Car Hire S.L.<\/strong>se reserva el derecho a revisar, actualizar o modificar los contenidos de la presente pol\u00edtica de privacidad en cualquier momento sin notificaci\u00f3n previa a los usuarios, salvo en los casos en los que se requiera dicha notificaci\u00f3n consentimiento previo. En consecuencia, le rogamos que visite este Sitio Web de modo regular para conocer y mantenerse informado de los contenidos de la pol\u00edtica de privacidad aplicables en cada momento.<\/p>\n<p><strong><a id=\"doce\" name=\"doce\"><\/a><em>Contacte con nosotros<\/em><\/strong>:\u00a0<strong>Victoria Car Hire S.L.<\/strong>est\u00e1 firmemente comprometido con la protecci\u00f3n de la privacidad de sus usuarios, y agradece cualquier comentario que pueda hacer llegar con relaci\u00f3n al cumplimiento de la pol\u00edtica de privacidad aqu\u00ed descrita. No dude en hacer llegar sus opiniones, cr\u00edticas, quejas o sugerencias relativas a la protecci\u00f3n de sus datos de car\u00e1cter personal por medio de las formas descritas en la secci\u00f3n\u00a0<strong>Derechos<\/strong>.<\/p>\n","protected":false},"excerpt":{"rendered":"<p>Bienvenido al Sitio Web de\u00a0Victoriacars. Victoria Car Hire S.L.est\u00e1 comprometido con la protecci\u00f3n de los datos de car\u00e1cter personal de todos los usuarios que visitan su Sitio Web. Esta pol\u00edtica de privacidad le informa, entre otros aspectos, de los datos personales que se recogen (en el caso de que decida voluntariamente suministrar dichos datos mediante [&hellip;]<\/p>\n","protected":false},"author":1,"featured_media":0,"parent":0,"menu_order":0,"comment_status":"closed","ping_status":"closed","template":"","meta":{"_joinchat":[],"footnotes":""},"class_list":["post-912","page","type-page","status-publish","hentry"],"yoast_head":"<!-- This site is optimized with the Yoast SEO plugin v27.3 - https:\/\/yoast.com\/product\/yoast-seo-wordpress\/ -->\n<title>Pol\u00edtica de privacidad - Victoria Ocasi\u00f3n de<\/title>\n<meta name=\"robots\" content=\"index, follow, max-snippet:-1, max-image-preview:large, max-video-preview:-1\" \/>\n<link rel=\"canonical\" href=\"https:\/\/victoriaocasion.com\/de\/politica-de-privacidad\/\" \/>\n<meta property=\"og:locale\" content=\"de_DE\" \/>\n<meta property=\"og:type\" content=\"article\" \/>\n<meta property=\"og:title\" content=\"Pol\u00edtica de privacidad - Victoria Ocasi\u00f3n de\" \/>\n<meta property=\"og:description\" content=\"Bienvenido al Sitio Web de\u00a0Victoriacars. Victoria Car Hire S.L.est\u00e1 comprometido con la protecci\u00f3n de los datos de car\u00e1cter personal de todos los usuarios que visitan su Sitio Web. Esta pol\u00edtica de privacidad le informa, entre otros aspectos, de los datos personales que se recogen (en el caso de que decida voluntariamente suministrar dichos datos mediante [&hellip;]\" \/>\n<meta property=\"og:url\" content=\"https:\/\/victoriaocasion.com\/de\/politica-de-privacidad\/\" \/>\n<meta property=\"og:site_name\" content=\"Victoria Ocasi\u00f3n de\" \/>\n<meta name=\"twitter:card\" content=\"summary_large_image\" \/>\n<script type=\"application\/ld+json\" class=\"yoast-schema-graph\">{\"@context\":\"https:\\\/\\\/schema.org\",\"@graph\":[{\"@type\":\"WebPage\",\"@id\":\"https:\\\/\\\/victoriaocasion.com\\\/de\\\/politica-de-privacidad\\\/\",\"url\":\"https:\\\/\\\/victoriaocasion.com\\\/de\\\/politica-de-privacidad\\\/\",\"name\":\"Pol\u00edtica de privacidad - Victoria Ocasi\u00f3n de\",\"isPartOf\":{\"@id\":\"https:\\\/\\\/victoriaocasion.com\\\/de\\\/#website\"},\"datePublished\":\"2024-03-13T13:43:15+00:00\",\"breadcrumb\":{\"@id\":\"https:\\\/\\\/victoriaocasion.com\\\/de\\\/politica-de-privacidad\\\/#breadcrumb\"},\"inLanguage\":\"de\",\"potentialAction\":[{\"@type\":\"ReadAction\",\"target\":[\"https:\\\/\\\/victoriaocasion.com\\\/de\\\/politica-de-privacidad\\\/\"]}]},{\"@type\":\"BreadcrumbList\",\"@id\":\"https:\\\/\\\/victoriaocasion.com\\\/de\\\/politica-de-privacidad\\\/#breadcrumb\",\"itemListElement\":[{\"@type\":\"ListItem\",\"position\":1,\"name\":\"Portada\",\"item\":\"https:\\\/\\\/victoriaocasion.com\\\/de\\\/\"},{\"@type\":\"ListItem\",\"position\":2,\"name\":\"Pol\u00edtica de privacidad\"}]},{\"@type\":\"WebSite\",\"@id\":\"https:\\\/\\\/victoriaocasion.com\\\/de\\\/#website\",\"url\":\"https:\\\/\\\/victoriaocasion.com\\\/de\\\/\",\"name\":\"Victoria Ocasi\u00f3n de\",\"description\":\"\",\"potentialAction\":[{\"@type\":\"SearchAction\",\"target\":{\"@type\":\"EntryPoint\",\"urlTemplate\":\"https:\\\/\\\/victoriaocasion.com\\\/de\\\/?s={search_term_string}\"},\"query-input\":{\"@type\":\"PropertyValueSpecification\",\"valueRequired\":true,\"valueName\":\"search_term_string\"}}],\"inLanguage\":\"de\"}]}<\/script>\n<!-- \/ Yoast SEO plugin. -->","yoast_head_json":{"title":"Pol\u00edtica de privacidad - Victoria Ocasi\u00f3n de","robots":{"index":"index","follow":"follow","max-snippet":"max-snippet:-1","max-image-preview":"max-image-preview:large","max-video-preview":"max-video-preview:-1"},"canonical":"https:\/\/victoriaocasion.com\/de\/politica-de-privacidad\/","og_locale":"de_DE","og_type":"article","og_title":"Pol\u00edtica de privacidad - Victoria Ocasi\u00f3n de","og_description":"Bienvenido al Sitio Web de\u00a0Victoriacars. Victoria Car Hire S.L.est\u00e1 comprometido con la protecci\u00f3n de los datos de car\u00e1cter personal de todos los usuarios que visitan su Sitio Web. Esta pol\u00edtica de privacidad le informa, entre otros aspectos, de los datos personales que se recogen (en el caso de que decida voluntariamente suministrar dichos datos mediante [&hellip;]","og_url":"https:\/\/victoriaocasion.com\/de\/politica-de-privacidad\/","og_site_name":"Victoria Ocasi\u00f3n de","twitter_card":"summary_large_image","schema":{"@context":"https:\/\/schema.org","@graph":[{"@type":"WebPage","@id":"https:\/\/victoriaocasion.com\/de\/politica-de-privacidad\/","url":"https:\/\/victoriaocasion.com\/de\/politica-de-privacidad\/","name":"Pol\u00edtica de privacidad - Victoria Ocasi\u00f3n de","isPartOf":{"@id":"https:\/\/victoriaocasion.com\/de\/#website"},"datePublished":"2024-03-13T13:43:15+00:00","breadcrumb":{"@id":"https:\/\/victoriaocasion.com\/de\/politica-de-privacidad\/#breadcrumb"},"inLanguage":"de","potentialAction":[{"@type":"ReadAction","target":["https:\/\/victoriaocasion.com\/de\/politica-de-privacidad\/"]}]},{"@type":"BreadcrumbList","@id":"https:\/\/victoriaocasion.com\/de\/politica-de-privacidad\/#breadcrumb","itemListElement":[{"@type":"ListItem","position":1,"name":"Portada","item":"https:\/\/victoriaocasion.com\/de\/"},{"@type":"ListItem","position":2,"name":"Pol\u00edtica de privacidad"}]},{"@type":"WebSite","@id":"https:\/\/victoriaocasion.com\/de\/#website","url":"https:\/\/victoriaocasion.com\/de\/","name":"Victoria Ocasi\u00f3n de","description":"","potentialAction":[{"@type":"SearchAction","target":{"@type":"EntryPoint","urlTemplate":"https:\/\/victoriaocasion.com\/de\/?s={search_term_string}"},"query-input":{"@type":"PropertyValueSpecification","valueRequired":true,"valueName":"search_term_string"}}],"inLanguage":"de"}]}},"_links":{"self":[{"href":"https:\/\/victoriaocasion.com\/de\/wp-json\/wp\/v2\/pages\/912","targetHints":{"allow":["GET"]}}],"collection":[{"href":"https:\/\/victoriaocasion.com\/de\/wp-json\/wp\/v2\/pages"}],"about":[{"href":"https:\/\/victoriaocasion.com\/de\/wp-json\/wp\/v2\/types\/page"}],"author":[{"embeddable":true,"href":"https:\/\/victoriaocasion.com\/de\/wp-json\/wp\/v2\/users\/1"}],"replies":[{"embeddable":true,"href":"https:\/\/victoriaocasion.com\/de\/wp-json\/wp\/v2\/comments?post=912"}],"version-history":[{"count":1,"href":"https:\/\/victoriaocasion.com\/de\/wp-json\/wp\/v2\/pages\/912\/revisions"}],"predecessor-version":[{"id":913,"href":"https:\/\/victoriaocasion.com\/de\/wp-json\/wp\/v2\/pages\/912\/revisions\/913"}],"wp:attachment":[{"href":"https:\/\/victoriaocasion.com\/de\/wp-json\/wp\/v2\/media?parent=912"}],"curies":[{"name":"wp","href":"https:\/\/api.w.org\/{rel}","templated":true}]}}